{"id":3340,"date":"2026-04-06T13:24:32","date_gmt":"2026-04-06T11:24:32","guid":{"rendered":"https:\/\/alojamientosjandj.com\/?page_id=3340"},"modified":"2026-04-06T21:03:53","modified_gmt":"2026-04-06T19:03:53","slug":"alquilar-coche","status":"publish","type":"page","link":"https:\/\/alojamientosjandj.com\/en\/alquilar-coche\/","title":{"rendered":"Car hire"},"content":{"rendered":"\r\n<div class=\"wp-block-uagb-advanced-heading uagb-block-f41769c7\"><h1 class=\"uagb-heading-text\">&#8211; Car Hire in Tenerife at the Best Price &#8211;<\/h1><\/div>\r\n\r\n\r\n\r\n<div class=\"wp-block-uagb-advanced-heading uagb-block-cdbaa979\"><p class=\"uagb-heading-text\">Alojamientos J&amp;J partners with <strong>Discover Cars<\/strong>, a leading online car hire comparison site that allows you to search for, compare and book cars, offering the best prices, transparent costs and free cancellation up to 48 hours before collection. Compare prices across multiple companies and book in just a few minutes. <strong>Ensure availability and avoid higher prices when you arrive on the island<\/strong>.<\/p><\/div>\r\n\r\n\r\n\r\n<div><script id=\"dchwidget\" src=\"https:\/\/www.discovercars.com\/widget.js?v1\" data-dev-env=\"com\" data-location=\"\" data-utm-source=\"Alojamientosjandj\" data-utm-medium=\"widget\" data-aff-code=\"a_aid\" data-autocomplete=\"on\" data-style-submit-bg-color=\"#fa9200\" data-style-submit-font-color=\"#ffffff\" data-style-form-bg-color=\"#f6d299\" data-style-form-font-color=\"#000000\" data-style-submit-text=\"View available cars now\" data-style-title-color=\"#000000\" data-title-text=\"Search and compare car rentals and save up to 70%!\" async=\"async\" data-style_rounded_corners=\"on\" data-layout_description=\"on\" data-layout_description_text=\"We've selected the best deals from our car rental partners.\" data-layout_logo_style=\"on dark\" data-layout_style_form_bg_color=\"#007ac2\" data-layout_title=\"on\" data-layout_supplier_logos=\"on\"><\/script><\/div>\r\n\r\n\r\n\r\n<div class=\"wp-block-uagb-advanced-heading uagb-block-ecb2aee9\"><p class=\"uagb-heading-text\"><strong><mark style=\"background-color:rgba(0, 0, 0, 0);color:#06c92a\" class=\"has-inline-color\">\u2714<\/mark><\/strong>  Compare multiple companies in one place<br><strong><mark style=\"background-color:rgba(0, 0, 0, 0);color:#06c92a\" class=\"has-inline-color\">\u2714<\/mark><\/strong>  Best prices guaranteed online<br><strong><mark style=\"background-color:rgba(0, 0, 0, 0); color:#06c92a\u2018 class=\"has-inline-color\">\u2714<\/mark><\/strong>  Free cancellation up to 48 hours before collection<br><strong><mark style=\u2019background-color:rgba(0, 0, 0, 0); color:#06c92a\" class=\"has-inline-color\">\u2714<\/mark><\/strong>  No surprises or hidden costs<\/p><\/div>\r\n\r\n\r\n\r\n<hr class=\"wp-block-separator has-text-color has-alpha-channel-opacity has-background is-style-default\" style=\"margin-top:var(--wp--preset--spacing--60);margin-bottom:var(--wp--preset--spacing--60);background-color:#fa9e48;color:#fa9e48\">\r\n\r\n\r\n\r\n<div class=\"wp-block-uagb-advanced-heading uagb-block-b9f0f87e\"><h2 class=\"uagb-heading-text\">&#8211; Discover Tenerife at your own pace &#8211;<\/h2><\/div>\r\n\r\n\r\n\r\n<div class=\"wp-block-uagb-advanced-heading uagb-block-08cbaf1a\"><p class=\"uagb-heading-text\">Hiring a car is the best way to make the most of your stay. You can visit hidden beaches, explore Teide National Park and discover unique spots without having to rely on timetables or public transport.<\/p><\/div>\r\n\r\n\r\n\r\n<div class=\"wp-block-uagb-advanced-heading uagb-block-8d555e30\"><h2 class=\"uagb-heading-text\">&#8211; Book with complete confidence &#8211;<\/h2><\/div>\r\n\r\n\r\n\r\n<div class=\"wp-block-uagb-advanced-heading uagb-block-569072cd\"><p class=\"uagb-heading-text\">We partner with <strong>Discover Cars<\/strong>, a trusted provider that compares the best available options so you can find the car that best suits your trip, at the best price.<\/p><\/div>\r\n\r\n\r\n\r\n<div class=\"wp-block-uagb-advanced-heading uagb-block-1d611c75\"><h2 class=\"uagb-heading-text\">&#8211; High demand during the peak season &#8211;<\/h2><\/div>\r\n\r\n\r\n\r\n<div class=\"wp-block-uagb-advanced-heading uagb-block-a61a20d8\"><p class=\"uagb-heading-text\"><strong>During peak season, availability is limited<\/strong>. Booking in advance is the best way to secure a car and get a good price.<\/p><\/div>\r\n\r\n\r\n\r\n<hr class=\"wp-block-separator has-text-color has-alpha-channel-opacity has-background is-style-wide\" style=\"margin-top:var(--wp--preset--spacing--60);margin-bottom:var(--wp--preset--spacing--60);background-color:#fa9e48;color:#fa9e48\">\r\n\r\n\r\n\r\n<div class=\"wp-block-uagb-advanced-heading uagb-block-b63758bb\"><h2 class=\"uagb-heading-text\">&#8211; Round off your trip with our recommended activities and experiences &#8211;<\/h2><\/div>\r\n\r\n\r\n\r\n<div class=\"wp-block-uagb-advanced-heading uagb-block-f94fffc8\"><p class=\"uagb-heading-text\"><em>En&nbsp;<\/em><strong>Alojamientos J&amp;J<\/strong><em>&nbsp;we have carefully selected a range of activities and experiences to help you enjoy Tenerife to the full, in comfort and in a way that will leave you with lasting memories. We work directly with local businesses and specialist operators to offer you tried-and-tested, well-organised options tailored to different travel styles: nature, leisure, culture, entertainment and unique experiences on the island.<\/em><\/p><\/div>\r\n\r\n\r\n<style type=\"text\/css\">\n#foogallery-gallery-3372 .fg-image { width: 400px; }<\/style>\n\t\t\t<div class=\"foogallery foogallery-container foogallery-carousel foogallery-lightbox-foogallery fg-carousel-hide-progress-bar fg-carousel fg-ready fg-light fg-round-large fg-shadow-outline fg-shadow-inset-large fg-loading-default fg-loaded-scale-up fg-caption-hover fg-hover-fade fg-hover-zoom\" id=\"foogallery-gallery-3372\" data-foogallery=\"{&quot;item&quot;:{&quot;showCaptionTitle&quot;:true,&quot;showCaptionDescription&quot;:true},&quot;lazy&quot;:true,&quot;template&quot;:{&quot;maxItems&quot;:5,&quot;scale&quot;:0.12,&quot;gutter&quot;:{&quot;min&quot;:-40,&quot;max&quot;:-20,&quot;unit&quot;:&quot;%&quot;},&quot;autoplay&quot;:{&quot;time&quot;:3,&quot;interaction&quot;:&quot;pause&quot;},&quot;centerOnClick&quot;:true}}\" data-foogallery-lightbox=\"{&quot;thumbs&quot;:&quot;bottom&quot;,&quot;thumbsCaptions&quot;:false,&quot;thumbsBestFit&quot;:false,&quot;thumbsSmall&quot;:false,&quot;thumbsCaptionsAlign&quot;:&quot;default&quot;,&quot;info&quot;:&quot;bottom&quot;,&quot;infoVisible&quot;:true,&quot;infoOverlay&quot;:true,&quot;infoAlign&quot;:&quot;default&quot;,&quot;transition&quot;:&quot;fade&quot;,&quot;hoverButtons&quot;:false,&quot;fitMedia&quot;:false,&quot;noScrollbars&quot;:true,&quot;preserveButtonSpace&quot;:true,&quot;buttons&quot;:{&quot;fullscreen&quot;:true,&quot;info&quot;:true,&quot;thumbs&quot;:false},&quot;video&quot;:{&quot;autoPlay&quot;:true}}\" style=\"--fg-title-line-clamp: 0; --fg-description-line-clamp: 0;\" >\n\t<button type=\"button\" class=\"fg-carousel-prev\" title=\"Previous\"><\/button>\n\t<div class=\"fg-carousel-inner\">\n\t\t<div class=\"fg-carousel-center\"><\/div>\n\t\t<div class=\"fg-item fg-type-image fg-idle\"><figure class=\"fg-item-inner\"><a href=\"https:\/\/alojamientosjandj.com\/wp-content\/uploads\/2025\/12\/fafc8f510eb29e89.avif\" data-attachment-id=\"1837\" data-type=\"image\" class=\"fg-thumb\"><span class=\"fg-image-wrap\"><img fetchpriority=\"high\" decoding=\"async\" width=\"400\" height=\"300\" class=\"skip-lazy fg-image\" data-src-fg=\"https:\/\/alojamientosjandj.com\/wp-content\/uploads\/2025\/12\/fafc8f510eb29e89.avif\" src=\"data:image\/svg+xml,%3Csvg%20xmlns%3D%22http%3A%2F%2Fwww.w3.org%2F2000%2Fsvg%22%20width%3D%22400%22%20height%3D%22300%22%20viewBox%3D%220%200%20400%20300%22%3E%3C%2Fsvg%3E\" loading=\"eager\"><\/span><span class=\"fg-image-overlay\"><\/span><\/a><\/figure><div class=\"fg-loader\"><\/div><\/div><div class=\"fg-item fg-type-image fg-idle\"><figure class=\"fg-item-inner\"><a href=\"https:\/\/alojamientosjandj.com\/wp-content\/uploads\/2025\/12\/fdddca664fc192e7.avif\" data-attachment-id=\"1866\" data-type=\"image\" class=\"fg-thumb\"><span class=\"fg-image-wrap\"><img decoding=\"async\" width=\"400\" height=\"300\" class=\"skip-lazy fg-image\" data-src-fg=\"https:\/\/alojamientosjandj.com\/wp-content\/uploads\/2025\/12\/fdddca664fc192e7.avif\" src=\"data:image\/svg+xml,%3Csvg%20xmlns%3D%22http%3A%2F%2Fwww.w3.org%2F2000%2Fsvg%22%20width%3D%22400%22%20height%3D%22300%22%20viewBox%3D%220%200%20400%20300%22%3E%3C%2Fsvg%3E\" loading=\"eager\"><\/span><span class=\"fg-image-overlay\"><\/span><\/a><\/figure><div class=\"fg-loader\"><\/div><\/div><div class=\"fg-item fg-type-image fg-idle\"><figure class=\"fg-item-inner\"><a href=\"https:\/\/alojamientosjandj.com\/wp-content\/uploads\/2025\/12\/2657x1771_13926431762_7-teide-tour-transporte-autobus-scaled.jpg\" data-attachment-id=\"2286\" data-type=\"image\" class=\"fg-thumb\"><span class=\"fg-image-wrap\"><img decoding=\"async\" width=\"400\" height=\"300\" class=\"skip-lazy fg-image\" data-src-fg=\"https:\/\/alojamientosjandj.com\/wp-content\/uploads\/cache\/2025\/12\/2657x1771_13926431762_7-teide-tour-transporte-autobus-scaled\/2609753928.jpg\" src=\"data:image\/svg+xml,%3Csvg%20xmlns%3D%22http%3A%2F%2Fwww.w3.org%2F2000%2Fsvg%22%20width%3D%22400%22%20height%3D%22300%22%20viewBox%3D%220%200%20400%20300%22%3E%3C%2Fsvg%3E\" loading=\"eager\"><\/span><span class=\"fg-image-overlay\"><\/span><\/a><\/figure><div class=\"fg-loader\"><\/div><\/div><div class=\"fg-item fg-type-image fg-idle\"><figure class=\"fg-item-inner\"><a href=\"https:\/\/alojamientosjandj.com\/wp-content\/uploads\/2026\/03\/p_candelaria_3.min_.webp\" data-attachment-id=\"3181\" data-type=\"image\" class=\"fg-thumb\"><span class=\"fg-image-wrap\"><img decoding=\"async\" width=\"400\" height=\"300\" class=\"skip-lazy fg-image\" data-src-fg=\"https:\/\/alojamientosjandj.com\/wp-content\/uploads\/cache\/2026\/03\/p_candelaria_3_min_\/3147809567.webp\" src=\"data:image\/svg+xml,%3Csvg%20xmlns%3D%22http%3A%2F%2Fwww.w3.org%2F2000%2Fsvg%22%20width%3D%22400%22%20height%3D%22300%22%20viewBox%3D%220%200%20400%20300%22%3E%3C%2Fsvg%3E\" loading=\"eager\"><\/span><span class=\"fg-image-overlay\"><\/span><\/a><\/figure><div class=\"fg-loader\"><\/div><\/div><div class=\"fg-item fg-type-image fg-idle\"><figure class=\"fg-item-inner\"><a href=\"https:\/\/alojamientosjandj.com\/wp-content\/uploads\/2026\/03\/587516969_17953612983013042_3052267774688232654_n-1.jpg\" data-attachment-id=\"3088\" data-type=\"image\" class=\"fg-thumb\"><span class=\"fg-image-wrap\"><img decoding=\"async\" width=\"400\" height=\"300\" class=\"skip-lazy fg-image\" data-src-fg=\"https:\/\/alojamientosjandj.com\/wp-content\/uploads\/cache\/2026\/03\/587516969_17953612983013042_3052267774688232654_n-1\/2268029750.jpg\" src=\"data:image\/svg+xml,%3Csvg%20xmlns%3D%22http%3A%2F%2Fwww.w3.org%2F2000%2Fsvg%22%20width%3D%22400%22%20height%3D%22300%22%20viewBox%3D%220%200%20400%20300%22%3E%3C%2Fsvg%3E\" loading=\"eager\"><\/span><span class=\"fg-image-overlay\"><\/span><\/a><\/figure><div class=\"fg-loader\"><\/div><\/div><div class=\"fg-item fg-type-image fg-idle\"><figure class=\"fg-item-inner\"><a href=\"https:\/\/alojamientosjandj.com\/wp-content\/uploads\/2026\/03\/fly2fun8.jpg\" data-attachment-id=\"3053\" data-type=\"image\" class=\"fg-thumb\"><span class=\"fg-image-wrap\"><img decoding=\"async\" width=\"400\" height=\"300\" class=\"skip-lazy fg-image\" data-src-fg=\"https:\/\/alojamientosjandj.com\/wp-content\/uploads\/cache\/2026\/03\/fly2fun8\/4185958299.jpg\" src=\"data:image\/svg+xml,%3Csvg%20xmlns%3D%22http%3A%2F%2Fwww.w3.org%2F2000%2Fsvg%22%20width%3D%22400%22%20height%3D%22300%22%20viewBox%3D%220%200%20400%20300%22%3E%3C%2Fsvg%3E\" loading=\"eager\"><\/span><span class=\"fg-image-overlay\"><\/span><\/a><\/figure><div class=\"fg-loader\"><\/div><\/div><div class=\"fg-item fg-type-image fg-idle\"><figure class=\"fg-item-inner\"><a href=\"https:\/\/alojamientosjandj.com\/wp-content\/uploads\/2026\/02\/ADULTA_TIROLINA_DIVERSION_FORESTAL_PARK-scaled.jpg\" data-attachment-id=\"2960\" data-type=\"image\" class=\"fg-thumb\"><span class=\"fg-image-wrap\"><img decoding=\"async\" width=\"400\" height=\"300\" class=\"skip-lazy fg-image\" data-src-fg=\"https:\/\/alojamientosjandj.com\/wp-content\/uploads\/cache\/2026\/02\/ADULTA_TIROLINA_DIVERSION_FORESTAL_PARK-scaled\/484073910.jpg\" src=\"data:image\/svg+xml,%3Csvg%20xmlns%3D%22http%3A%2F%2Fwww.w3.org%2F2000%2Fsvg%22%20width%3D%22400%22%20height%3D%22300%22%20viewBox%3D%220%200%20400%20300%22%3E%3C%2Fsvg%3E\" loading=\"eager\"><\/span><span class=\"fg-image-overlay\"><\/span><\/a><\/figure><div class=\"fg-loader\"><\/div><\/div><div class=\"fg-item fg-type-image fg-idle\"><figure class=\"fg-item-inner\"><a href=\"https:\/\/alojamientosjandj.com\/wp-content\/uploads\/2025\/12\/IMG_1208.webp\" data-attachment-id=\"2385\" data-type=\"image\" class=\"fg-thumb\"><span class=\"fg-image-wrap\"><img decoding=\"async\" width=\"400\" height=\"300\" class=\"skip-lazy fg-image\" data-src-fg=\"https:\/\/alojamientosjandj.com\/wp-content\/uploads\/cache\/2025\/12\/IMG_1208\/4065725718.webp\" src=\"data:image\/svg+xml,%3Csvg%20xmlns%3D%22http%3A%2F%2Fwww.w3.org%2F2000%2Fsvg%22%20width%3D%22400%22%20height%3D%22300%22%20viewBox%3D%220%200%20400%20300%22%3E%3C%2Fsvg%3E\" loading=\"eager\"><\/span><span class=\"fg-image-overlay\"><\/span><\/a><\/figure><div class=\"fg-loader\"><\/div><\/div><div class=\"fg-item fg-type-image fg-idle\"><figure class=\"fg-item-inner\"><a href=\"https:\/\/alojamientosjandj.com\/wp-content\/uploads\/2025\/12\/1300x984_651293979_5-observacion-estrella-excursion-teide-noche-2025.jpg\" data-attachment-id=\"2229\" data-type=\"image\" class=\"fg-thumb\"><span class=\"fg-image-wrap\"><img decoding=\"async\" width=\"400\" height=\"300\" class=\"skip-lazy fg-image\" data-src-fg=\"https:\/\/alojamientosjandj.com\/wp-content\/uploads\/cache\/2025\/12\/1300x984_651293979_5-observacion-estrella-excursion-teide-noche-2025\/3908802173.jpg\" src=\"data:image\/svg+xml,%3Csvg%20xmlns%3D%22http%3A%2F%2Fwww.w3.org%2F2000%2Fsvg%22%20width%3D%22400%22%20height%3D%22300%22%20viewBox%3D%220%200%20400%20300%22%3E%3C%2Fsvg%3E\" loading=\"eager\"><\/span><span class=\"fg-image-overlay\"><\/span><\/a><\/figure><div class=\"fg-loader\"><\/div><\/div><div class=\"fg-item fg-type-image fg-idle\"><figure class=\"fg-item-inner\"><a href=\"https:\/\/alojamientosjandj.com\/wp-content\/uploads\/2026\/03\/1698952144053-1024x578-2.jpg\" data-attachment-id=\"3301\" data-type=\"image\" class=\"fg-thumb\"><span class=\"fg-image-wrap\"><img decoding=\"async\" width=\"400\" height=\"300\" class=\"skip-lazy fg-image\" data-src-fg=\"https:\/\/alojamientosjandj.com\/wp-content\/uploads\/cache\/2026\/03\/1698952144053-1024x578-2\/3730755624.jpg\" src=\"data:image\/svg+xml,%3Csvg%20xmlns%3D%22http%3A%2F%2Fwww.w3.org%2F2000%2Fsvg%22%20width%3D%22400%22%20height%3D%22300%22%20viewBox%3D%220%200%20400%20300%22%3E%3C%2Fsvg%3E\" loading=\"eager\"><\/span><span class=\"fg-image-overlay\"><\/span><\/a><\/figure><div class=\"fg-loader\"><\/div><\/div><div class=\"fg-item fg-type-image fg-idle\"><figure class=\"fg-item-inner\"><a href=\"https:\/\/alojamientosjandj.com\/wp-content\/uploads\/2026\/03\/6184309f25631.avif\" data-attachment-id=\"3239\" data-type=\"image\" class=\"fg-thumb\"><span class=\"fg-image-wrap\"><img decoding=\"async\" width=\"400\" height=\"300\" class=\"skip-lazy fg-image\" data-src-fg=\"https:\/\/alojamientosjandj.com\/wp-content\/uploads\/cache\/2026\/03\/6184309f25631\/1456447101.avif\" src=\"data:image\/svg+xml,%3Csvg%20xmlns%3D%22http%3A%2F%2Fwww.w3.org%2F2000%2Fsvg%22%20width%3D%22400%22%20height%3D%22300%22%20viewBox%3D%220%200%20400%20300%22%3E%3C%2Fsvg%3E\" loading=\"eager\"><\/span><span class=\"fg-image-overlay\"><\/span><\/a><\/figure><div class=\"fg-loader\"><\/div><\/div>\t<\/div>\n\t<div class=\"fg-carousel-bottom\"><\/div>\n\t<div class=\"fg-carousel-progress\"><\/div>\n\t<button type=\"button\" class=\"fg-carousel-next\" title=\"Next\"><\/button>\n<\/div>\r\n\r\n\r\n<div style=\"margin:30px 0;text-align:center;\">\r\n\r\n<div style=\"display:flex;flex-wrap:wrap;justify-content:center;gap:10px;\">\r\n\r\n<a href=\"https:\/\/alojamientosjandj.com\/reservar-actividades\/\" target=\"_blank\" style=\"padding:10px 16px;background:#f6d299;border-radius:8px;text-decoration:none;color:#333;font-weight:500;\">Book activities<\/a>\r\n\r\n<\/div>\r\n\r\n<\/div>\r\n","protected":false},"excerpt":{"rendered":"<p>&#8211; Car Hire in Tenerife at the Best Price &#8211; Alojamientos J&amp;J partners with Discover Cars, a leading online car [&hellip;]<\/p>\n","protected":false},"author":1,"featured_media":0,"parent":0,"menu_order":0,"comment_status":"closed","ping_status":"closed","template":"","meta":{"_seopress_robots_primary_cat":"","_seopress_titles_title":"Alojamientos J&J - Alquilar Coche","_seopress_titles_desc":"Alojamientos J&J colabora con Discover Cars, comparador de alquiler de veh\u00edculos l\u00edder en l\u00ednea que permite buscar, comparar y reservar coches ofreciendo precios competitivos, transparencia en costos y cancelaci\u00f3n gratuita hasta 48 horas antes de la recogida.","_seopress_robots_index":"","_uag_custom_page_level_css":"","site-sidebar-layout":"default","site-content-layout":"","ast-site-content-layout":"default","site-content-style":"default","site-sidebar-style":"default","ast-global-header-display":"","ast-banner-title-visibility":"","ast-main-header-display":"","ast-hfb-above-header-display":"","ast-hfb-below-header-display":"","ast-hfb-mobile-header-display":"","site-post-title":"disabled","ast-breadcrumbs-content":"","ast-featured-img":"","footer-sml-layout":"","ast-disable-related-posts":"","theme-transparent-header-meta":"","adv-header-id-meta":"","stick-header-meta":"","header-above-stick-meta":"","header-main-stick-meta":"","header-below-stick-meta":"","astra-migrate-meta-layouts":"default","ast-page-background-enabled":"default","ast-page-background-meta":{"desktop":{"background-color":"var(--ast-global-color-4)","background-image":"","background-repeat":"repeat","background-position":"center center","background-size":"auto","background-attachment":"scroll","background-type":"","background-media":"","overlay-type":"","overlay-color":"","overlay-opacity":"","overlay-gradient":""},"tablet":{"background-color":"","background-image":"","background-repeat":"repeat","background-position":"center center","background-size":"auto","background-attachment":"scroll","background-type":"","background-media":"","overlay-type":"","overlay-color":"","overlay-opacity":"","overlay-gradient":""},"mobile":{"background-color":"","background-image":"","background-repeat":"repeat","background-position":"center center","background-size":"auto","background-attachment":"scroll","background-type":"","background-media":"","overlay-type":"","overlay-color":"","overlay-opacity":"","overlay-gradient":""}},"ast-content-background-meta":{"desktop":{"background-color":"var(--ast-global-color-5)","background-image":"","background-repeat":"repeat","background-position":"center center","background-size":"auto","background-attachment":"scroll","background-type":"","background-media":"","overlay-type":"","overlay-color":"","overlay-opacity":"","overlay-gradient":""},"tablet":{"background-color":"var(--ast-global-color-5)","background-image":"","background-repeat":"repeat","background-position":"center center","background-size":"auto","background-attachment":"scroll","background-type":"","background-media":"","overlay-type":"","overlay-color":"","overlay-opacity":"","overlay-gradient":""},"mobile":{"background-color":"var(--ast-global-color-5)","background-image":"","background-repeat":"repeat","background-position":"center center","background-size":"auto","background-attachment":"scroll","background-type":"","background-media":"","overlay-type":"","overlay-color":"","overlay-opacity":"","overlay-gradient":""}},"footnotes":""},"class_list":["post-3340","page","type-page","status-publish","hentry"],"uagb_featured_image_src":{"full":false,"thumbnail":false,"medium":false,"medium_large":false,"large":false,"1536x1536":false,"2048x2048":false},"uagb_author_info":{"display_name":"Apartamentosvalleluz","author_link":"https:\/\/alojamientosjandj.com\/en\/author\/apartamentosvalleluz\/"},"uagb_comment_info":0,"uagb_excerpt":"&#8211; Car Hire in Tenerife at the Best Price &#8211; Alojamientos J&amp;J partners with Discover Cars, a leading online car [&hellip;]","_links":{"self":[{"href":"https:\/\/alojamientosjandj.com\/en\/wp-json\/wp\/v2\/pages\/3340","targetHints":{"allow":["GET"]}}],"collection":[{"href":"https:\/\/alojamientosjandj.com\/en\/wp-json\/wp\/v2\/pages"}],"about":[{"href":"https:\/\/alojamientosjandj.com\/en\/wp-json\/wp\/v2\/types\/page"}],"author":[{"embeddable":true,"href":"https:\/\/alojamientosjandj.com\/en\/wp-json\/wp\/v2\/users\/1"}],"replies":[{"embeddable":true,"href":"https:\/\/alojamientosjandj.com\/en\/wp-json\/wp\/v2\/comments?post=3340"}],"version-history":[{"count":24,"href":"https:\/\/alojamientosjandj.com\/en\/wp-json\/wp\/v2\/pages\/3340\/revisions"}],"predecessor-version":[{"id":3377,"href":"https:\/\/alojamientosjandj.com\/en\/wp-json\/wp\/v2\/pages\/3340\/revisions\/3377"}],"wp:attachment":[{"href":"https:\/\/alojamientosjandj.com\/en\/wp-json\/wp\/v2\/media?parent=3340"}],"curies":[{"name":"wp","href":"https:\/\/api.w.org\/{rel}","templated":true}]}}